{"id":576,"date":"2021-03-03T10:41:12","date_gmt":"2021-03-03T15:41:12","guid":{"rendered":"https:\/\/fumiplagaxsi.com\/?page_id=576"},"modified":"2021-03-11T15:29:39","modified_gmt":"2021-03-11T20:29:39","slug":"control-de-plagas","status":"publish","type":"page","link":"https:\/\/fumiplagaxsi.com\/index.php\/control-de-plagas\/","title":{"rendered":"Control de Plagas"},"content":{"rendered":"\t\t<div data-elementor-type=\"wp-page\" data-elementor-id=\"576\" class=\"elementor elementor-576\">\n\t\t\t\t\t\t<section class=\"elementor-section elementor-top-section elementor-element elementor-element-5238f3d elementor-section-boxed elementor-section-height-default elementor-section-height-default\" data-id=\"5238f3d\" data-element_type=\"section\">\n\t\t\t\t\t\t<div class=\"elementor-container elementor-column-gap-default\">\n\t\t\t\t\t<div class=\"elementor-column elementor-col-100 elementor-top-column elementor-element elementor-element-8976347\" data-id=\"8976347\" data-element_type=\"column\">\n\t\t\t<div class=\"elementor-widget-wrap elementor-element-populated\">\n\t\t\t\t\t\t<div class=\"elementor-element elementor-element-5cc3804 elementor-widget elementor-widget-heading\" data-id=\"5cc3804\" data-element_type=\"widget\" data-widget_type=\"heading.default\">\n\t\t\t\t<div class=\"elementor-widget-container\">\n\t\t\t\t\t<h2 class=\"elementor-heading-title elementor-size-large\">CONTROL DE PLAGAS<\/h2>\t\t\t\t<\/div>\n\t\t\t\t<\/div>\n\t\t\t\t\t<\/div>\n\t\t<\/div>\n\t\t\t\t\t<\/div>\n\t\t<\/section>\n\t\t\t\t<section class=\"elementor-section elementor-top-section elementor-element elementor-element-5a228b2 elementor-section-boxed elementor-section-height-default elementor-section-height-default\" data-id=\"5a228b2\" data-element_type=\"section\">\n\t\t\t\t\t\t<div class=\"elementor-container elementor-column-gap-default\">\n\t\t\t\t\t<div class=\"elementor-column elementor-col-66 elementor-top-column elementor-element elementor-element-a71ade1\" data-id=\"a71ade1\" data-element_type=\"column\">\n\t\t\t<div class=\"elementor-widget-wrap elementor-element-populated\">\n\t\t\t\t\t\t<div class=\"elementor-element elementor-element-98521eb elementor-widget elementor-widget-text-editor\" data-id=\"98521eb\" data-element_type=\"widget\" data-widget_type=\"text-editor.default\">\n\t\t\t\t<div class=\"elementor-widget-container\">\n\t\t\t\t\t\t\t\t\t<p>Prestamos un servicio de control integral de plagas, mediante diferentes m\u00e9todos de control acorde a sus necesidades. Entregamos certificado de aplicaci\u00f3n el cual es exigido por las autoridades sanitarias, estamos autorizados por la secretaria de salud del Tolima.<\/p>\t\t\t\t\t\t\t\t<\/div>\n\t\t\t\t<\/div>\n\t\t\t\t<div class=\"elementor-element elementor-element-be521a8 elementor-widget elementor-widget-text-editor\" data-id=\"be521a8\" data-element_type=\"widget\" data-widget_type=\"text-editor.default\">\n\t\t\t\t<div class=\"elementor-widget-container\">\n\t\t\t\t\t\t\t\t\t<p>Servicios de fumigaci\u00f3n: es un sistema de aspersi\u00f3n de insecticida capaz de cubrir todas las zonas del \u00e1rea a tratar contamos con diferentes equipos de aplicaci\u00f3n como equipos el\u00e9ctricos, nebulizadores, aspersores, equipos a gasolina de alto alcance \u00a0termo nebulizaci\u00f3n.<\/p>\t\t\t\t\t\t\t\t<\/div>\n\t\t\t\t<\/div>\n\t\t\t\t<div class=\"elementor-element elementor-element-207e480 elementor-widget elementor-widget-text-editor\" data-id=\"207e480\" data-element_type=\"widget\" data-widget_type=\"text-editor.default\">\n\t\t\t\t<div class=\"elementor-widget-container\">\n\t\t\t\t\t\t\t\t\t<p>La firma <strong>Fumiplagax y servicios integrales<\/strong> garantiza que los productos utilizados son de uso en salud p\u00fablica y que no representa peligro para las personas ni mascotas. Adem\u00e1s de su efecto residual no tiene ning\u00fan olor ni mancha.<\/p>\t\t\t\t\t\t\t\t<\/div>\n\t\t\t\t<\/div>\n\t\t\t\t\t<\/div>\n\t\t<\/div>\n\t\t\t\t<div class=\"elementor-column elementor-col-33 elementor-top-column elementor-element elementor-element-67f4af3\" data-id=\"67f4af3\" data-element_type=\"column\">\n\t\t\t<div class=\"elementor-widget-wrap elementor-element-populated\">\n\t\t\t\t\t\t<div class=\"elementor-element elementor-element-63e6ff2 elementor-widget elementor-widget-image\" data-id=\"63e6ff2\" data-element_type=\"widget\" data-widget_type=\"image.default\">\n\t\t\t\t<div class=\"elementor-widget-container\">\n\t\t\t\t\t\t\t\t\t\t\t\t\t\t\t<img fetchpriority=\"high\" decoding=\"async\" width=\"300\" height=\"300\" src=\"https:\/\/fumiplagaxsi.com\/wp-content\/uploads\/2021\/03\/vector-certificate-flat-icon-300x300.jpg\" class=\"attachment-medium size-medium wp-image-610\" alt=\"\" srcset=\"https:\/\/fumiplagaxsi.com\/wp-content\/uploads\/2021\/03\/vector-certificate-flat-icon-300x300.jpg 300w, https:\/\/fumiplagaxsi.com\/wp-content\/uploads\/2021\/03\/vector-certificate-flat-icon-150x150.jpg 150w, https:\/\/fumiplagaxsi.com\/wp-content\/uploads\/2021\/03\/vector-certificate-flat-icon.jpg 490w\" sizes=\"(max-width: 300px) 100vw, 300px\" \/>\t\t\t\t\t\t\t\t\t\t\t\t\t\t\t<\/div>\n\t\t\t\t<\/div>\n\t\t\t\t\t<\/div>\n\t\t<\/div>\n\t\t\t\t\t<\/div>\n\t\t<\/section>\n\t\t\t\t<section class=\"elementor-section elementor-top-section elementor-element elementor-element-d83b4d6 elementor-section-boxed elementor-section-height-default elementor-section-height-default\" data-id=\"d83b4d6\" data-element_type=\"section\">\n\t\t\t\t\t\t<div class=\"elementor-container elementor-column-gap-default\">\n\t\t\t\t\t<div class=\"elementor-column elementor-col-100 elementor-top-column elementor-element elementor-element-279a142\" data-id=\"279a142\" data-element_type=\"column\">\n\t\t\t<div class=\"elementor-widget-wrap elementor-element-populated\">\n\t\t\t\t\t\t<div class=\"elementor-element elementor-element-5d96794 elementor-widget elementor-widget-heading\" data-id=\"5d96794\" data-element_type=\"widget\" data-widget_type=\"heading.default\">\n\t\t\t\t<div class=\"elementor-widget-container\">\n\t\t\t\t\t<h2 class=\"elementor-heading-title elementor-size-medium\">Visita Nuestras Redes Sociales:<\/h2>\t\t\t\t<\/div>\n\t\t\t\t<\/div>\n\t\t\t\t\t<\/div>\n\t\t<\/div>\n\t\t\t\t\t<\/div>\n\t\t<\/section>\n\t\t\t\t<section class=\"elementor-section elementor-top-section elementor-element elementor-element-915cf1d elementor-section-boxed elementor-section-height-default elementor-section-height-default\" data-id=\"915cf1d\" data-element_type=\"section\">\n\t\t\t\t\t\t<div class=\"elementor-container elementor-column-gap-default\">\n\t\t\t\t\t<div class=\"elementor-column elementor-col-100 elementor-top-column elementor-element elementor-element-d8d660a\" data-id=\"d8d660a\" data-element_type=\"column\">\n\t\t\t<div class=\"elementor-widget-wrap elementor-element-populated\">\n\t\t\t\t\t\t<div class=\"elementor-element elementor-element-37af96f elementor-shape-rounded elementor-grid-0 e-grid-align-center elementor-widget elementor-widget-social-icons\" data-id=\"37af96f\" data-element_type=\"widget\" data-widget_type=\"social-icons.default\">\n\t\t\t\t<div class=\"elementor-widget-container\">\n\t\t\t\t\t\t\t<div class=\"elementor-social-icons-wrapper elementor-grid\" role=\"list\">\n\t\t\t\t\t\t\t<span class=\"elementor-grid-item\" role=\"listitem\">\n\t\t\t\t\t<a class=\"elementor-icon elementor-social-icon elementor-social-icon-facebook elementor-repeater-item-5a831c4\" href=\"https:\/\/www.facebook.com\/fumiplagaxmariquitatol\" target=\"_blank\">\n\t\t\t\t\t\t<span class=\"elementor-screen-only\">Facebook<\/span>\n\t\t\t\t\t\t<i class=\"fab fa-facebook\"><\/i>\t\t\t\t\t<\/a>\n\t\t\t\t<\/span>\n\t\t\t\t\t\t\t<span class=\"elementor-grid-item\" role=\"listitem\">\n\t\t\t\t\t<a class=\"elementor-icon elementor-social-icon elementor-social-icon-instagram elementor-repeater-item-fabf4ec\" href=\"https:\/\/www.instagram.com\/fumiplagaxyserviciosintegrales?r=nametag\" target=\"_blank\">\n\t\t\t\t\t\t<span class=\"elementor-screen-only\">Instagram<\/span>\n\t\t\t\t\t\t<i class=\"fab fa-instagram\"><\/i>\t\t\t\t\t<\/a>\n\t\t\t\t<\/span>\n\t\t\t\t\t\t\t<span class=\"elementor-grid-item\" role=\"listitem\">\n\t\t\t\t\t<a class=\"elementor-icon elementor-social-icon elementor-social-icon-whatsapp elementor-repeater-item-e9f2c56\" href=\"https:\/\/wa.me\/573142815339\" target=\"_blank\">\n\t\t\t\t\t\t<span class=\"elementor-screen-only\">Whatsapp<\/span>\n\t\t\t\t\t\t<i class=\"fab fa-whatsapp\"><\/i>\t\t\t\t\t<\/a>\n\t\t\t\t<\/span>\n\t\t\t\t\t<\/div>\n\t\t\t\t\t\t<\/div>\n\t\t\t\t<\/div>\n\t\t\t\t\t<\/div>\n\t\t<\/div>\n\t\t\t\t\t<\/div>\n\t\t<\/section>\n\t\t\t\t<section class=\"elementor-section elementor-top-section elementor-element elementor-element-f2ce45d elementor-section-full_width elementor-section-stretched elementor-section-height-default elementor-section-height-default\" data-id=\"f2ce45d\" data-element_type=\"section\" data-settings=\"{&quot;stretch_section&quot;:&quot;section-stretched&quot;,&quot;background_background&quot;:&quot;classic&quot;}\">\n\t\t\t\t\t\t<div class=\"elementor-container elementor-column-gap-default\">\n\t\t\t\t\t<div class=\"elementor-column elementor-col-100 elementor-top-column elementor-element elementor-element-b314ffb\" data-id=\"b314ffb\" data-element_type=\"column\">\n\t\t\t<div class=\"elementor-widget-wrap elementor-element-populated\">\n\t\t\t\t\t\t<div class=\"elementor-element elementor-element-2e662ad elementor-widget elementor-widget-text-editor\" data-id=\"2e662ad\" data-element_type=\"widget\" data-widget_type=\"text-editor.default\">\n\t\t\t\t<div class=\"elementor-widget-container\">\n\t\t\t\t\t\t\t\t\t<p>FUMIPLAGAX Y SERVICIOS INTEGRALES. Calle 1 # 1-80 Barrio el Centro &#8211; San Sebasti\u00e1n de Mariquita, Tolima. CERTIFICADA Y AUTORIZADA POR LA SECRETAR\u00cdA DE SALUD DEL TOLIMA (Resoluci\u00f3n N\u00ba 002286, del 10 de Noviembre de 2020).<\/p>\t\t\t\t\t\t\t\t<\/div>\n\t\t\t\t<\/div>\n\t\t\t\t\t<\/div>\n\t\t<\/div>\n\t\t\t\t\t<\/div>\n\t\t<\/section>\n\t\t\t\t<section class=\"elementor-section elementor-top-section elementor-element elementor-element-2f2e410 elementor-section-full_width elementor-section-stretched elementor-section-height-default elementor-section-height-default\" data-id=\"2f2e410\" data-element_type=\"section\" data-settings=\"{&quot;stretch_section&quot;:&quot;section-stretched&quot;,&quot;background_background&quot;:&quot;classic&quot;}\">\n\t\t\t\t\t\t<div class=\"elementor-container elementor-column-gap-default\">\n\t\t\t\t\t<div class=\"elementor-column elementor-col-100 elementor-top-column elementor-element elementor-element-a9d039d\" data-id=\"a9d039d\" data-element_type=\"column\">\n\t\t\t<div class=\"elementor-widget-wrap elementor-element-populated\">\n\t\t\t\t\t\t<div class=\"elementor-element elementor-element-cfc8289 elementor-widget elementor-widget-heading\" data-id=\"cfc8289\" data-element_type=\"widget\" data-widget_type=\"heading.default\">\n\t\t\t\t<div class=\"elementor-widget-container\">\n\t\t\t\t\t<h2 class=\"elementor-heading-title elementor-size-small\">Copyright \u00ba 2021. Todos los derechos Reservados. \/ Dise\u00f1o por Industrias Jets. Mariquita Tolima.<\/h2>\t\t\t\t<\/div>\n\t\t\t\t<\/div>\n\t\t\t\t\t<\/div>\n\t\t<\/div>\n\t\t\t\t\t<\/div>\n\t\t<\/section>\n\t\t\t\t<\/div>\n\t\t","protected":false},"excerpt":{"rendered":"<p>CONTROL DE PLAGAS Prestamos un servicio de control integral de plagas, mediante diferentes m\u00e9todos de control acorde a sus necesidades. Entregamos certificado de aplicaci\u00f3n el cual es exigido por las autoridades sanitarias, estamos autorizados por la secretaria de salud del Tolima. Servicios de fumigaci\u00f3n: es un sistema de aspersi\u00f3n de insecticida capaz de cubrir todas &#8230; <a title=\"Control de Plagas\" class=\"read-more\" href=\"https:\/\/fumiplagaxsi.com\/index.php\/control-de-plagas\/\" aria-label=\"Leer m\u00e1s sobre Control de Plagas\">Leer m\u00e1s<\/a><\/p>\n","protected":false},"author":1,"featured_media":0,"parent":0,"menu_order":0,"comment_status":"closed","ping_status":"closed","template":"","meta":{"footnotes":""},"class_list":["post-576","page","type-page","status-publish"],"_links":{"self":[{"href":"https:\/\/fumiplagaxsi.com\/index.php\/wp-json\/wp\/v2\/pages\/576","targetHints":{"allow":["GET"]}}],"collection":[{"href":"https:\/\/fumiplagaxsi.com\/index.php\/wp-json\/wp\/v2\/pages"}],"about":[{"href":"https:\/\/fumiplagaxsi.com\/index.php\/wp-json\/wp\/v2\/types\/page"}],"author":[{"embeddable":true,"href":"https:\/\/fumiplagaxsi.com\/index.php\/wp-json\/wp\/v2\/users\/1"}],"replies":[{"embeddable":true,"href":"https:\/\/fumiplagaxsi.com\/index.php\/wp-json\/wp\/v2\/comments?post=576"}],"version-history":[{"count":61,"href":"https:\/\/fumiplagaxsi.com\/index.php\/wp-json\/wp\/v2\/pages\/576\/revisions"}],"predecessor-version":[{"id":943,"href":"https:\/\/fumiplagaxsi.com\/index.php\/wp-json\/wp\/v2\/pages\/576\/revisions\/943"}],"wp:attachment":[{"href":"https:\/\/fumiplagaxsi.com\/index.php\/wp-json\/wp\/v2\/media?parent=576"}],"curies":[{"name":"wp","href":"https:\/\/api.w.org\/{rel}","templated":true}]}}